{"id":22,"date":"2014-10-29T11:44:21","date_gmt":"2014-10-29T10:44:21","guid":{"rendered":"http:\/\/www.sdhmasecin.cz\/?page_id=22"},"modified":"2017-05-06T18:07:34","modified_gmt":"2017-05-06T17:07:34","slug":"fotogalerie","status":"publish","type":"page","link":"https:\/\/www.sdhmasecin.cz\/?page_id=22","title":{"rendered":"Fotogalerie"},"content":{"rendered":"<p>Dal\u0161\u00ed fotografie jsou um\u00eds\u0165ov\u00e1ny na n\u00e1\u0161 Facebook \ud83d\ude42<\/p>\n<p>Zde jsou vybran\u00e9 fotografie do roku 2014.<\/p>\n<p><script src=\"http:\/\/sdhmasecin.rajce.idnes.cz\/?insert=js\" type=\"text\/javascript\" charset=\"utf-8\"><\/script><\/p>\n","protected":false},"excerpt":{"rendered":"<p>Dal\u0161\u00ed fotografie jsou um\u00eds\u0165ov\u00e1ny na n\u00e1\u0161 Facebook \ud83d\ude42 Zde jsou vybran\u00e9 fotografie do roku 2014.<\/p>\n","protected":false},"author":1,"featured_media":0,"parent":0,"menu_order":0,"comment_status":"closed","ping_status":"closed","template":"sidebar-page.php","meta":{"footnotes":""},"class_list":["post-22","page","type-page","status-publish","hentry"],"_links":{"self":[{"href":"https:\/\/www.sdhmasecin.cz\/index.php?rest_route=\/wp\/v2\/pages\/22","targetHints":{"allow":["GET"]}}],"collection":[{"href":"https:\/\/www.sdhmasecin.cz\/index.php?rest_route=\/wp\/v2\/pages"}],"about":[{"href":"https:\/\/www.sdhmasecin.cz\/index.php?rest_route=\/wp\/v2\/types\/page"}],"author":[{"embeddable":true,"href":"https:\/\/www.sdhmasecin.cz\/index.php?rest_route=\/wp\/v2\/users\/1"}],"replies":[{"embeddable":true,"href":"https:\/\/www.sdhmasecin.cz\/index.php?rest_route=%2Fwp%2Fv2%2Fcomments&post=22"}],"version-history":[{"count":6,"href":"https:\/\/www.sdhmasecin.cz\/index.php?rest_route=\/wp\/v2\/pages\/22\/revisions"}],"predecessor-version":[{"id":76,"href":"https:\/\/www.sdhmasecin.cz\/index.php?rest_route=\/wp\/v2\/pages\/22\/revisions\/76"}],"wp:attachment":[{"href":"https:\/\/www.sdhmasecin.cz\/index.php?rest_route=%2Fwp%2Fv2%2Fmedia&parent=22"}],"curies":[{"name":"wp","href":"https:\/\/api.w.org\/{rel}","templated":true}]}}