{"id":26,"date":"2014-10-29T11:46:39","date_gmt":"2014-10-29T10:46:39","guid":{"rendered":"http:\/\/www.sdhmasecin.cz\/?page_id=26"},"modified":"2025-09-17T14:22:23","modified_gmt":"2025-09-17T13:22:23","slug":"26-2","status":"publish","type":"page","link":"https:\/\/www.sdhmasecin.cz\/","title":{"rendered":""},"content":{"rendered":"<h1 style=\"text-align: center;\"><span style=\"color: #ff0000;\">Sbor Dobrovoln\u00fdch Hasi\u010d\u016f<\/span><\/h1>\n<h1 style=\"text-align: center;\"><span style=\"color: #ff0000;\"><strong>Mase\u010d\u00edn<\/strong><\/span><\/h1>\n<h1 style=\"text-align: center;\"><\/h1>\n<p style=\"text-align: center;\"><a href=\"http:\/\/www.sdhmasecin.cz\/wp-content\/uploads\/nov\u00fd-znak.gif\"><img loading=\"lazy\" decoding=\"async\" class=\"alignnone size-medium wp-image-9\" src=\"http:\/\/www.sdhmasecin.cz\/wp-content\/uploads\/nov\u00fd-znak-300x238.gif\" alt=\"\" width=\"300\" height=\"238\" srcset=\"https:\/\/www.sdhmasecin.cz\/wp-content\/uploads\/nov\u00fd-znak-300x238.gif 300w, https:\/\/www.sdhmasecin.cz\/wp-content\/uploads\/nov\u00fd-znak-377x300.gif 377w\" sizes=\"auto, (max-width: 300px) 100vw, 300px\" \/><\/a><\/p>\n<p style=\"text-align: center;\">Mase\u010d\u00edn 179, obec \u0160t\u011bchovice, St\u0159edo\u010desk\u00fd kraj,<\/p>\n<p style=\"text-align: center;\">Okres Praha &#8211; z\u00e1pad, JPO III \u0160t\u011bchovice<\/p>\n<p style=\"text-align: center;\">I\u010cO: 65995082 \u00a0reg. \u010d\u00edslo: 3210037<\/p>\n","protected":false},"excerpt":{"rendered":"<p>Sbor Dobrovoln\u00fdch Hasi\u010d\u016f Mase\u010d\u00edn Mase\u010d\u00edn 179, obec \u0160t\u011bchovice, St\u0159edo\u010desk\u00fd kraj, Okres Praha &#8211; z\u00e1pad, JPO III \u0160t\u011bchovice I\u010cO: 65995082 \u00a0reg. \u010d\u00edslo: 3210037<\/p>\n","protected":false},"author":1,"featured_media":0,"parent":0,"menu_order":0,"comment_status":"closed","ping_status":"closed","template":"sidebar-page.php","meta":{"footnotes":""},"class_list":["post-26","page","type-page","status-publish","hentry"],"_links":{"self":[{"href":"https:\/\/www.sdhmasecin.cz\/index.php?rest_route=\/wp\/v2\/pages\/26","targetHints":{"allow":["GET"]}}],"collection":[{"href":"https:\/\/www.sdhmasecin.cz\/index.php?rest_route=\/wp\/v2\/pages"}],"about":[{"href":"https:\/\/www.sdhmasecin.cz\/index.php?rest_route=\/wp\/v2\/types\/page"}],"author":[{"embeddable":true,"href":"https:\/\/www.sdhmasecin.cz\/index.php?rest_route=\/wp\/v2\/users\/1"}],"replies":[{"embeddable":true,"href":"https:\/\/www.sdhmasecin.cz\/index.php?rest_route=%2Fwp%2Fv2%2Fcomments&post=26"}],"version-history":[{"count":16,"href":"https:\/\/www.sdhmasecin.cz\/index.php?rest_route=\/wp\/v2\/pages\/26\/revisions"}],"predecessor-version":[{"id":136,"href":"https:\/\/www.sdhmasecin.cz\/index.php?rest_route=\/wp\/v2\/pages\/26\/revisions\/136"}],"wp:attachment":[{"href":"https:\/\/www.sdhmasecin.cz\/index.php?rest_route=%2Fwp%2Fv2%2Fmedia&parent=26"}],"curies":[{"name":"wp","href":"https:\/\/api.w.org\/{rel}","templated":true}]}}