{"id":48,"date":"2014-10-29T17:21:18","date_gmt":"2014-10-29T16:21:18","guid":{"rendered":"http:\/\/www.sdhmasecin.cz\/?page_id=48"},"modified":"2017-06-27T12:46:19","modified_gmt":"2017-06-27T11:46:19","slug":"odkazy","status":"publish","type":"page","link":"https:\/\/www.sdhmasecin.cz\/?page_id=48","title":{"rendered":"Technika"},"content":{"rendered":"<h2>CAS 20 \/ 2000 &#8211; M1S Mercedes 1017 4&#215;4:<\/h2>\n<p><a href=\"http:\/\/www.sdhmasecin.cz\/wp-content\/uploads\/IMG_4689.jpg\"><img loading=\"lazy\" decoding=\"async\" class=\"alignnone size-medium wp-image-93\" src=\"http:\/\/www.sdhmasecin.cz\/wp-content\/uploads\/IMG_4689-300x192.jpg\" alt=\"\" width=\"300\" height=\"192\" srcset=\"https:\/\/www.sdhmasecin.cz\/wp-content\/uploads\/IMG_4689-300x192.jpg 300w, https:\/\/www.sdhmasecin.cz\/wp-content\/uploads\/IMG_4689-768x492.jpg 768w, https:\/\/www.sdhmasecin.cz\/wp-content\/uploads\/IMG_4689-1024x656.jpg 1024w, https:\/\/www.sdhmasecin.cz\/wp-content\/uploads\/IMG_4689-468x300.jpg 468w, https:\/\/www.sdhmasecin.cz\/wp-content\/uploads\/IMG_4689.jpg 1894w\" sizes=\"auto, (max-width: 300px) 100vw, 300px\" \/><\/a><\/p>\n<p>V p\u016fvodn\u00edch barv\u00e1ch z Belgick\u00e9ho Kalmthout:<\/p>\n<p><a href=\"http:\/\/www.sdhmasecin.cz\/wp-content\/uploads\/mercedes.png\"><img loading=\"lazy\" decoding=\"async\" class=\"alignnone size-medium wp-image-78\" src=\"http:\/\/www.sdhmasecin.cz\/wp-content\/uploads\/mercedes-300x187.png\" alt=\"\" width=\"300\" height=\"187\" srcset=\"https:\/\/www.sdhmasecin.cz\/wp-content\/uploads\/mercedes-300x187.png 300w, https:\/\/www.sdhmasecin.cz\/wp-content\/uploads\/mercedes-768x480.png 768w, https:\/\/www.sdhmasecin.cz\/wp-content\/uploads\/mercedes-1024x639.png 1024w, https:\/\/www.sdhmasecin.cz\/wp-content\/uploads\/mercedes-480x300.png 480w\" sizes=\"auto, (max-width: 300px) 100vw, 300px\" \/><\/a><\/p>\n<h2>B\u00fdval\u00e1 CAS 25 \u0160706 RTHP &#8222;Mates&#8220;, dnes ji\u017e v Netvo\u0159ic\u00edch:<\/h2>\n<p><a href=\"http:\/\/www.sdhmasecin.cz\/wp-content\/uploads\/mates.jpg\"><img loading=\"lazy\" decoding=\"async\" class=\"alignnone size-medium wp-image-71\" src=\"http:\/\/www.sdhmasecin.cz\/wp-content\/uploads\/mates-300x181.jpg\" alt=\"\" width=\"300\" height=\"181\" srcset=\"https:\/\/www.sdhmasecin.cz\/wp-content\/uploads\/mates-300x181.jpg 300w, https:\/\/www.sdhmasecin.cz\/wp-content\/uploads\/mates-768x463.jpg 768w, https:\/\/www.sdhmasecin.cz\/wp-content\/uploads\/mates-1024x617.jpg 1024w, https:\/\/www.sdhmasecin.cz\/wp-content\/uploads\/mates-498x300.jpg 498w\" sizes=\"auto, (max-width: 300px) 100vw, 300px\" \/><\/a><\/p>\n<p>Mates, kdy\u017e byl p\u0159eveden od A\u010cR:<\/p>\n<p><a href=\"http:\/\/www.sdhmasecin.cz\/wp-content\/uploads\/mates_zeleny.jpg\"><img loading=\"lazy\" decoding=\"async\" class=\"alignnone size-medium wp-image-70\" src=\"http:\/\/www.sdhmasecin.cz\/wp-content\/uploads\/mates_zeleny-300x225.jpg\" alt=\"\" width=\"300\" height=\"225\" srcset=\"https:\/\/www.sdhmasecin.cz\/wp-content\/uploads\/mates_zeleny-300x225.jpg 300w, https:\/\/www.sdhmasecin.cz\/wp-content\/uploads\/mates_zeleny-768x576.jpg 768w, https:\/\/www.sdhmasecin.cz\/wp-content\/uploads\/mates_zeleny-1024x768.jpg 1024w, https:\/\/www.sdhmasecin.cz\/wp-content\/uploads\/mates_zeleny-400x300.jpg 400w, https:\/\/www.sdhmasecin.cz\/wp-content\/uploads\/mates_zeleny.jpg 1632w\" sizes=\"auto, (max-width: 300px) 100vw, 300px\" \/><\/a><\/p>\n<h2>Prodan\u00e1 korpi\u010dka AKV 16 \u0160706:<\/h2>\n<p><a href=\"http:\/\/www.sdhmasecin.cz\/wp-content\/uploads\/kropicka.jpg\"><img loading=\"lazy\" decoding=\"async\" class=\"alignnone size-medium wp-image-68\" src=\"http:\/\/www.sdhmasecin.cz\/wp-content\/uploads\/kropicka-300x158.jpg\" alt=\"\" width=\"300\" height=\"158\" srcset=\"https:\/\/www.sdhmasecin.cz\/wp-content\/uploads\/kropicka-300x158.jpg 300w, https:\/\/www.sdhmasecin.cz\/wp-content\/uploads\/kropicka-768x404.jpg 768w, https:\/\/www.sdhmasecin.cz\/wp-content\/uploads\/kropicka-1024x539.jpg 1024w, https:\/\/www.sdhmasecin.cz\/wp-content\/uploads\/kropicka-500x263.jpg 500w, https:\/\/www.sdhmasecin.cz\/wp-content\/uploads\/kropicka.jpg 1390w\" sizes=\"auto, (max-width: 300px) 100vw, 300px\" \/><\/a><\/p>\n<h2>PPS10 Magirus 10-1000:<\/h2>\n<p><a href=\"http:\/\/www.sdhmasecin.cz\/wp-content\/uploads\/magirus.png\"><img loading=\"lazy\" decoding=\"async\" class=\"alignnone size-medium wp-image-77\" src=\"http:\/\/www.sdhmasecin.cz\/wp-content\/uploads\/magirus-300x256.png\" alt=\"\" width=\"300\" height=\"256\" srcset=\"https:\/\/www.sdhmasecin.cz\/wp-content\/uploads\/magirus-300x256.png 300w, https:\/\/www.sdhmasecin.cz\/wp-content\/uploads\/magirus-768x656.png 768w, https:\/\/www.sdhmasecin.cz\/wp-content\/uploads\/magirus-1024x874.png 1024w, https:\/\/www.sdhmasecin.cz\/wp-content\/uploads\/magirus-351x300.png 351w, https:\/\/www.sdhmasecin.cz\/wp-content\/uploads\/magirus.png 1598w\" sizes=\"auto, (max-width: 300px) 100vw, 300px\" \/><\/a><\/p>\n<h1>Trocha historie:<\/h1>\n<p><a href=\"http:\/\/www.sdhmasecin.cz\/wp-content\/uploads\/avie_web.jpg\"><img loading=\"lazy\" decoding=\"async\" class=\"alignnone size-medium wp-image-88\" src=\"http:\/\/www.sdhmasecin.cz\/wp-content\/uploads\/avie_web-300x206.jpg\" alt=\"\" width=\"300\" height=\"206\" srcset=\"https:\/\/www.sdhmasecin.cz\/wp-content\/uploads\/avie_web-300x206.jpg 300w, https:\/\/www.sdhmasecin.cz\/wp-content\/uploads\/avie_web-768x528.jpg 768w, https:\/\/www.sdhmasecin.cz\/wp-content\/uploads\/avie_web-1024x704.jpg 1024w, https:\/\/www.sdhmasecin.cz\/wp-content\/uploads\/avie_web-436x300.jpg 436w\" sizes=\"auto, (max-width: 300px) 100vw, 300px\" \/><\/a><\/p>\n<p><a href=\"http:\/\/www.sdhmasecin.cz\/wp-content\/uploads\/starousek.png\"><img loading=\"lazy\" decoding=\"async\" class=\"alignnone size-medium wp-image-86\" src=\"http:\/\/www.sdhmasecin.cz\/wp-content\/uploads\/starousek-300x140.png\" alt=\"\" width=\"300\" height=\"140\" srcset=\"https:\/\/www.sdhmasecin.cz\/wp-content\/uploads\/starousek-300x140.png 300w, https:\/\/www.sdhmasecin.cz\/wp-content\/uploads\/starousek-768x360.png 768w, https:\/\/www.sdhmasecin.cz\/wp-content\/uploads\/starousek-1024x479.png 1024w, https:\/\/www.sdhmasecin.cz\/wp-content\/uploads\/starousek-500x234.png 500w, https:\/\/www.sdhmasecin.cz\/wp-content\/uploads\/starousek.png 1589w\" sizes=\"auto, (max-width: 300px) 100vw, 300px\" \/><\/a><\/p>\n","protected":false},"excerpt":{"rendered":"<p>CAS 20 \/ 2000 &#8211; M1S Mercedes 1017 4&#215;4: V p\u016fvodn\u00edch barv\u00e1ch z Belgick\u00e9ho Kalmthout: B\u00fdval\u00e1 CAS 25 \u0160706 RTHP &#8222;Mates&#8220;, dnes ji\u017e v Netvo\u0159ic\u00edch: Mates, kdy\u017e byl p\u0159eveden od A\u010cR: Prodan\u00e1 korpi\u010dka AKV 16 \u0160706: PPS10 Magirus 10-1000: Trocha &hellip; <a href=\"https:\/\/www.sdhmasecin.cz\/?page_id=48\">Cel\u00fd p\u0159\u00edsp\u011bvek <span class=\"meta-nav\">&rarr;<\/span><\/a><\/p>\n","protected":false},"author":1,"featured_media":0,"parent":0,"menu_order":0,"comment_status":"closed","ping_status":"closed","template":"sidebar-page.php","meta":{"footnotes":""},"class_list":["post-48","page","type-page","status-publish","hentry"],"_links":{"self":[{"href":"https:\/\/www.sdhmasecin.cz\/index.php?rest_route=\/wp\/v2\/pages\/48","targetHints":{"allow":["GET"]}}],"collection":[{"href":"https:\/\/www.sdhmasecin.cz\/index.php?rest_route=\/wp\/v2\/pages"}],"about":[{"href":"https:\/\/www.sdhmasecin.cz\/index.php?rest_route=\/wp\/v2\/types\/page"}],"author":[{"embeddable":true,"href":"https:\/\/www.sdhmasecin.cz\/index.php?rest_route=\/wp\/v2\/users\/1"}],"replies":[{"embeddable":true,"href":"https:\/\/www.sdhmasecin.cz\/index.php?rest_route=%2Fwp%2Fv2%2Fcomments&post=48"}],"version-history":[{"count":12,"href":"https:\/\/www.sdhmasecin.cz\/index.php?rest_route=\/wp\/v2\/pages\/48\/revisions"}],"predecessor-version":[{"id":95,"href":"https:\/\/www.sdhmasecin.cz\/index.php?rest_route=\/wp\/v2\/pages\/48\/revisions\/95"}],"wp:attachment":[{"href":"https:\/\/www.sdhmasecin.cz\/index.php?rest_route=%2Fwp%2Fv2%2Fmedia&parent=48"}],"curies":[{"name":"wp","href":"https:\/\/api.w.org\/{rel}","templated":true}]}}